{"id":2010,"date":"2023-02-13T06:30:47","date_gmt":"2023-02-13T05:30:47","guid":{"rendered":"https:\/\/tecemabogados.com\/tecem-lawyers-malaga\/"},"modified":"2024-07-02T21:46:28","modified_gmt":"2024-07-02T19:46:28","slug":"tecem-lawyers-malaga","status":"publish","type":"page","link":"https:\/\/tecemabogados.com\/en\/","title":{"rendered":"Tecem Lawyers Malaga"},"content":{"rendered":"<p><!-- slider-area --><\/p>\n<section>\n<h2 data-animation=\"fadeInUp\" data-delay=\".2s\">Lawyers in Malaga<\/h2>\n<p data-animation=\"fadeInUp\" data-delay=\".4s\">Legal and Tax Services in M\u00e1laga and Benalm\u00e1dena<\/p>\n<p><a href=\"https:\/\/tecemabogados.com\/en\/contact\/\" target=\"_self\" rel=\"nofollow noopener\" data-animation=\"fadeInUp\" data-delay=\".6s\"><br \/>\nMORE INFO<br \/>\nMORE INFO<br \/>\n<\/a><br \/>\n<a href=\"#about\"><br \/>\n<\/a><\/p>\n<\/section>\n<p><!-- slider-area-end --><br \/>\n<!-- about-area --><\/p>\n<section>Legal and Tax Solutions in M\u00e1laga and Benalm\u00e1dena<\/p>\n<h2>Over 30 years by your side as experts in Law and Comprehensive Advisory<\/h2>\n<p>At Tecem Abogados y Asesores, we are committed to providing professional and personalized services in all areas of law and tax advisory. With years of experience and a highly qualified team of experts, we offer comprehensive support to individuals and businesses alike. Our focus is on protecting your rights and optimizing financial management, ensuring your peace of mind and success.<\/p>\n<\/section>\n<p><!-- about-area-end --><br \/>\n<!-- video-area --><br \/>\n<!-- video-area-end --><br \/>\n<!-- features-area --><\/p>\n<section>\n<h2>Comprehensive and personalized advisory<\/h2>\n<p>We offer comprehensive and personalized advisory covering all areas of law and taxation.<\/p>\n<h2>Commitment to Transparency<\/h2>\n<p>At Tecem Abogados y Asesores, we adhere to a strict code of ethics and transparency in all our actions.<\/p>\n<h2>Innovative Solutions<\/h2>\n<p>We stand out for using advanced technologies and innovative practices to optimize our services.<\/p>\n<\/section>\n<p><!-- features-area-end --><br \/>\n<!-- project-area --><\/p>\n<section>Taxation experts at your service. Tax strategies to maximize your benefits.<\/p>\n<h2>Services of Tecem Abogados in M\u00e1laga and Benalm\u00e1dena<\/h2>\n<p><a href=\"https:\/\/tecemabogados.com\/en\/Asesor\u00eda\/3-tax-consultancy-in-malaga\/\"><br \/>\n<img fetchpriority=\"high\" decoding=\"async\" src=\"https:\/\/tecemabogados.com\/wp-content\/uploads\/2024\/06\/Asesoria-Fiscal_1@150x.webp\" sizes=\"(max-width: 2458px) 100vw, 2458px\" srcset=\"https:\/\/tecemabogados.com\/wp-content\/uploads\/2024\/06\/Asesoria-Fiscal_1@150x.webp 2458w, https:\/\/tecemabogados.com\/wp-content\/uploads\/2024\/06\/Asesoria-Fiscal_1@150x-300x300.webp 300w, https:\/\/tecemabogados.com\/wp-content\/uploads\/2024\/06\/Asesoria-Fiscal_1@150x-1024x1024.webp 1024w, https:\/\/tecemabogados.com\/wp-content\/uploads\/2024\/06\/Asesoria-Fiscal_1@150x-150x150.webp 150w, https:\/\/tecemabogados.com\/wp-content\/uploads\/2024\/06\/Asesoria-Fiscal_1@150x-768x768.webp 768w, https:\/\/tecemabogados.com\/wp-content\/uploads\/2024\/06\/Asesoria-Fiscal_1@150x-1536x1536.webp 1536w, https:\/\/tecemabogados.com\/wp-content\/uploads\/2024\/06\/Asesoria-Fiscal_1@150x-2048x2048.webp 2048w\" alt=\"\" width=\"2458\" height=\"2458\" \/> <\/a><\/p>\n<h2><a href=\"https:\/\/tecemabogados.com\/en\/Asesor\u00eda\/3-tax-consultancy-in-malaga\/\">3. Tax Consultancy in Malaga<\/a><\/h2>\n<p>8601 Honeygo Boulevard, Baltimore, MD 21236<br \/>\n<a href=\"https:\/\/tecemabogados.com\/en\/Asesor\u00eda\/4-labor-consultancy-in-malaga\/\"><br \/>\n<img decoding=\"async\" src=\"https:\/\/tecemabogados.com\/wp-content\/uploads\/2024\/06\/Asesoria-Laboral_1@150x.webp\" sizes=\"(max-width: 2458px) 100vw, 2458px\" srcset=\"https:\/\/tecemabogados.com\/wp-content\/uploads\/2024\/06\/Asesoria-Laboral_1@150x.webp 2458w, https:\/\/tecemabogados.com\/wp-content\/uploads\/2024\/06\/Asesoria-Laboral_1@150x-300x300.webp 300w, https:\/\/tecemabogados.com\/wp-content\/uploads\/2024\/06\/Asesoria-Laboral_1@150x-1024x1024.webp 1024w, https:\/\/tecemabogados.com\/wp-content\/uploads\/2024\/06\/Asesoria-Laboral_1@150x-150x150.webp 150w, https:\/\/tecemabogados.com\/wp-content\/uploads\/2024\/06\/Asesoria-Laboral_1@150x-768x768.webp 768w, https:\/\/tecemabogados.com\/wp-content\/uploads\/2024\/06\/Asesoria-Laboral_1@150x-1536x1536.webp 1536w, https:\/\/tecemabogados.com\/wp-content\/uploads\/2024\/06\/Asesoria-Laboral_1@150x-2048x2048.webp 2048w\" alt=\"\" width=\"2458\" height=\"2458\" \/> <\/a><\/p>\n<h2><a href=\"https:\/\/tecemabogados.com\/en\/Asesor\u00eda\/4-labor-consultancy-in-malaga\/\">4. Labor Consultancy in Malaga<\/a><\/h2>\n<p>8601 Honeygo Boulevard, Baltimore, MD 21236<br \/>\n<a href=\"https:\/\/tecemabogados.com\/en\/Asesor\u00eda\/2-accounting-consultancy-in-malaga\/\"><br \/>\n<img decoding=\"async\" src=\"https:\/\/tecemabogados.com\/wp-content\/uploads\/2024\/06\/Asesoria-Contable_1@150x.webp\" sizes=\"(max-width: 2458px) 100vw, 2458px\" srcset=\"https:\/\/tecemabogados.com\/wp-content\/uploads\/2024\/06\/Asesoria-Contable_1@150x.webp 2458w, https:\/\/tecemabogados.com\/wp-content\/uploads\/2024\/06\/Asesoria-Contable_1@150x-300x300.webp 300w, https:\/\/tecemabogados.com\/wp-content\/uploads\/2024\/06\/Asesoria-Contable_1@150x-1024x1024.webp 1024w, https:\/\/tecemabogados.com\/wp-content\/uploads\/2024\/06\/Asesoria-Contable_1@150x-150x150.webp 150w, https:\/\/tecemabogados.com\/wp-content\/uploads\/2024\/06\/Asesoria-Contable_1@150x-768x768.webp 768w, https:\/\/tecemabogados.com\/wp-content\/uploads\/2024\/06\/Asesoria-Contable_1@150x-1536x1536.webp 1536w, https:\/\/tecemabogados.com\/wp-content\/uploads\/2024\/06\/Asesoria-Contable_1@150x-2048x2048.webp 2048w\" alt=\"\" width=\"2458\" height=\"2457\" \/> <\/a><\/p>\n<h2><a href=\"https:\/\/tecemabogados.com\/en\/Asesor\u00eda\/2-accounting-consultancy-in-malaga\/\">2. Accounting Consultancy in Malaga<\/a><\/h2>\n<p>8601 Honeygo Boulevard, Baltimore, MD 21236<br \/>\n<a href=\"https:\/\/tecemabogados.com\/en\/Asesor\u00eda\/1-legal-counsel-in-malaga\/\"><br \/>\n<img loading=\"lazy\" decoding=\"async\" src=\"https:\/\/tecemabogados.com\/wp-content\/uploads\/2024\/06\/Asesoria-Juridica_1@150x.webp\" sizes=\"(max-width: 2458px) 100vw, 2458px\" srcset=\"https:\/\/tecemabogados.com\/wp-content\/uploads\/2024\/06\/Asesoria-Juridica_1@150x.webp 2458w, https:\/\/tecemabogados.com\/wp-content\/uploads\/2024\/06\/Asesoria-Juridica_1@150x-300x300.webp 300w, https:\/\/tecemabogados.com\/wp-content\/uploads\/2024\/06\/Asesoria-Juridica_1@150x-1024x1024.webp 1024w, https:\/\/tecemabogados.com\/wp-content\/uploads\/2024\/06\/Asesoria-Juridica_1@150x-150x150.webp 150w, https:\/\/tecemabogados.com\/wp-content\/uploads\/2024\/06\/Asesoria-Juridica_1@150x-768x768.webp 768w, https:\/\/tecemabogados.com\/wp-content\/uploads\/2024\/06\/Asesoria-Juridica_1@150x-1536x1536.webp 1536w, https:\/\/tecemabogados.com\/wp-content\/uploads\/2024\/06\/Asesoria-Juridica_1@150x-2048x2048.webp 2048w\" alt=\"\" width=\"2458\" height=\"2457\" \/> <\/a><\/p>\n<h2><a href=\"https:\/\/tecemabogados.com\/en\/Asesor\u00eda\/1-legal-counsel-in-malaga\/\">1. Legal Counsel in Malaga<\/a><\/h2>\n<p>8601 Honeygo Boulevard, Baltimore, MD 21236<br \/>\n<a href=\"https:\/\/tecemabogados.com\/en\/Asesor\u00eda\/5-business-consulting-in-malaga\/\"><br \/>\n<img loading=\"lazy\" decoding=\"async\" src=\"https:\/\/tecemabogados.com\/wp-content\/uploads\/2024\/06\/Asesoria-de-empresas@150x.webp\" sizes=\"(max-width: 2458px) 100vw, 2458px\" srcset=\"https:\/\/tecemabogados.com\/wp-content\/uploads\/2024\/06\/Asesoria-de-empresas@150x.webp 2458w, https:\/\/tecemabogados.com\/wp-content\/uploads\/2024\/06\/Asesoria-de-empresas@150x-300x300.webp 300w, https:\/\/tecemabogados.com\/wp-content\/uploads\/2024\/06\/Asesoria-de-empresas@150x-1024x1024.webp 1024w, https:\/\/tecemabogados.com\/wp-content\/uploads\/2024\/06\/Asesoria-de-empresas@150x-150x150.webp 150w, https:\/\/tecemabogados.com\/wp-content\/uploads\/2024\/06\/Asesoria-de-empresas@150x-768x768.webp 768w, https:\/\/tecemabogados.com\/wp-content\/uploads\/2024\/06\/Asesoria-de-empresas@150x-1536x1536.webp 1536w, https:\/\/tecemabogados.com\/wp-content\/uploads\/2024\/06\/Asesoria-de-empresas@150x-2048x2048.webp 2048w\" alt=\"\" width=\"2458\" height=\"2457\" \/> <\/a><\/p>\n<h2><a href=\"https:\/\/tecemabogados.com\/en\/Asesor\u00eda\/5-business-consulting-in-malaga\/\">5. Business consulting in Malaga<\/a><\/h2>\n<p>8601 Honeygo Boulevard, Baltimore, MD 21236<br \/>\n<a href=\"https:\/\/tecemabogados.com\/en\/Asesor\u00eda\/6-property-management-in-malaga\/\"><br \/>\n<img loading=\"lazy\" decoding=\"async\" src=\"https:\/\/tecemabogados.com\/wp-content\/uploads\/2024\/06\/Administradores-de-fincas_1@150x.webp\" sizes=\"(max-width: 2458px) 100vw, 2458px\" srcset=\"https:\/\/tecemabogados.com\/wp-content\/uploads\/2024\/06\/Administradores-de-fincas_1@150x.webp 2458w, https:\/\/tecemabogados.com\/wp-content\/uploads\/2024\/06\/Administradores-de-fincas_1@150x-300x300.webp 300w, https:\/\/tecemabogados.com\/wp-content\/uploads\/2024\/06\/Administradores-de-fincas_1@150x-1024x1024.webp 1024w, https:\/\/tecemabogados.com\/wp-content\/uploads\/2024\/06\/Administradores-de-fincas_1@150x-150x150.webp 150w, https:\/\/tecemabogados.com\/wp-content\/uploads\/2024\/06\/Administradores-de-fincas_1@150x-768x768.webp 768w, https:\/\/tecemabogados.com\/wp-content\/uploads\/2024\/06\/Administradores-de-fincas_1@150x-1536x1536.webp 1536w, https:\/\/tecemabogados.com\/wp-content\/uploads\/2024\/06\/Administradores-de-fincas_1@150x-2048x2048.webp 2048w\" alt=\"\" width=\"2458\" height=\"2458\" \/> <\/a><\/p>\n<h2><a href=\"https:\/\/tecemabogados.com\/en\/Asesor\u00eda\/6-property-management-in-malaga\/\">6. Property management in Malaga<\/a><\/h2>\n<p>8601 Honeygo Boulevard, Baltimore, MD 21236<\/p>\n<\/section>\n<p><!-- project-area-end --><br \/>\n<!-- blog-area --><\/p>\n<section>TECEM ABOGADOS IN MALAGA<\/p>\n<h2>NEWS AND CURRENT AFFAIRS<\/h2>\n<p><a href=\"https:\/\/tecemabogados.com\/en\/tax-news-2024-what-companies-and-self-employed-businesses-should-know\/\"><br \/>\n<img loading=\"lazy\" decoding=\"async\" src=\"https:\/\/tecemabogados.com\/wp-content\/uploads\/2024\/06\/Tecem-Abogados-y-Asesores-abogados-en-Malaga-asesores-en-Benalmadena-asesoria-legal-asesoria-fiscal-asesoria-contable-administracion-de-fincas-servicios-juridicos-31.webp\" sizes=\"(max-width: 1620px) 100vw, 1620px\" srcset=\"https:\/\/tecemabogados.com\/wp-content\/uploads\/2024\/06\/Tecem-Abogados-y-Asesores-abogados-en-Malaga-asesores-en-Benalmadena-asesoria-legal-asesoria-fiscal-asesoria-contable-administracion-de-fincas-servicios-juridicos-31.webp 1620w, https:\/\/tecemabogados.com\/wp-content\/uploads\/2024\/06\/Tecem-Abogados-y-Asesores-abogados-en-Malaga-asesores-en-Benalmadena-asesoria-legal-asesoria-fiscal-asesoria-contable-administracion-de-fincas-servicios-juridicos-31-300x200.webp 300w, https:\/\/tecemabogados.com\/wp-content\/uploads\/2024\/06\/Tecem-Abogados-y-Asesores-abogados-en-Malaga-asesores-en-Benalmadena-asesoria-legal-asesoria-fiscal-asesoria-contable-administracion-de-fincas-servicios-juridicos-31-1024x683.webp 1024w, https:\/\/tecemabogados.com\/wp-content\/uploads\/2024\/06\/Tecem-Abogados-y-Asesores-abogados-en-Malaga-asesores-en-Benalmadena-asesoria-legal-asesoria-fiscal-asesoria-contable-administracion-de-fincas-servicios-juridicos-31-768x512.webp 768w, https:\/\/tecemabogados.com\/wp-content\/uploads\/2024\/06\/Tecem-Abogados-y-Asesores-abogados-en-Malaga-asesores-en-Benalmadena-asesoria-legal-asesoria-fiscal-asesoria-contable-administracion-de-fincas-servicios-juridicos-31-1536x1024.webp 1536w\" alt=\"\" width=\"1620\" height=\"1080\" \/> <\/a><\/p>\n<h2><a href=\"https:\/\/tecemabogados.com\/en\/tax-news-2024-what-companies-and-self-employed-businesses-should-know\/\">Tax News 2024: What Companies and Self-Employed<\/a><\/h2>\n<ul>\n<li>13 de February de 2023<\/li>\n<li><a title=\"Visit tecem\u2019s website\" href=\"https:\/\/tecemabogados.com\" rel=\"author external\">tecem<\/a><\/li>\n<\/ul>\n<p><a href=\"https:\/\/tecemabogados.com\/en\/how-to-manage-a-layoff-a-guide-for-employers-and-workers\/\"><br \/>\n<img loading=\"lazy\" decoding=\"async\" src=\"https:\/\/tecemabogados.com\/wp-content\/uploads\/2024\/06\/Tecem-Abogados-y-Asesores-abogados-en-Malaga-asesores-en-Benalmadena-asesoria-legal-asesoria-fiscal-asesoria-contable-administracion-de-fincas-servicios-juridicos-15.webp\" sizes=\"(max-width: 1620px) 100vw, 1620px\" srcset=\"https:\/\/tecemabogados.com\/wp-content\/uploads\/2024\/06\/Tecem-Abogados-y-Asesores-abogados-en-Malaga-asesores-en-Benalmadena-asesoria-legal-asesoria-fiscal-asesoria-contable-administracion-de-fincas-servicios-juridicos-15.webp 1620w, https:\/\/tecemabogados.com\/wp-content\/uploads\/2024\/06\/Tecem-Abogados-y-Asesores-abogados-en-Malaga-asesores-en-Benalmadena-asesoria-legal-asesoria-fiscal-asesoria-contable-administracion-de-fincas-servicios-juridicos-15-300x200.webp 300w, https:\/\/tecemabogados.com\/wp-content\/uploads\/2024\/06\/Tecem-Abogados-y-Asesores-abogados-en-Malaga-asesores-en-Benalmadena-asesoria-legal-asesoria-fiscal-asesoria-contable-administracion-de-fincas-servicios-juridicos-15-1024x683.webp 1024w, https:\/\/tecemabogados.com\/wp-content\/uploads\/2024\/06\/Tecem-Abogados-y-Asesores-abogados-en-Malaga-asesores-en-Benalmadena-asesoria-legal-asesoria-fiscal-asesoria-contable-administracion-de-fincas-servicios-juridicos-15-768x512.webp 768w, https:\/\/tecemabogados.com\/wp-content\/uploads\/2024\/06\/Tecem-Abogados-y-Asesores-abogados-en-Malaga-asesores-en-Benalmadena-asesoria-legal-asesoria-fiscal-asesoria-contable-administracion-de-fincas-servicios-juridicos-15-1536x1024.webp 1536w\" alt=\"\" width=\"1620\" height=\"1080\" \/> <\/a><\/p>\n<h2><a href=\"https:\/\/tecemabogados.com\/en\/how-to-manage-a-layoff-a-guide-for-employers-and-workers\/\">How to Manage a Layoff: A Guide<\/a><\/h2>\n<ul>\n<li>13 de February de 2023<\/li>\n<li><a title=\"Visit tecem\u2019s website\" href=\"https:\/\/tecemabogados.com\" rel=\"author external\">tecem<\/a><\/li>\n<\/ul>\n<p><a href=\"https:\/\/tecemabogados.com\/en\/benefits-of-an-accounting-audit-for-your-company\/\"><br \/>\n<img loading=\"lazy\" decoding=\"async\" src=\"https:\/\/tecemabogados.com\/wp-content\/uploads\/2024\/06\/Tecem-Abogados-y-Asesores-abogados-en-Malaga-asesores-en-Benalmadena-asesoria-legal-asesoria-fiscal-asesoria-contable-administracion-de-fincas-servicios-juridicos.webp\" sizes=\"(max-width: 1620px) 100vw, 1620px\" srcset=\"https:\/\/tecemabogados.com\/wp-content\/uploads\/2024\/06\/Tecem-Abogados-y-Asesores-abogados-en-Malaga-asesores-en-Benalmadena-asesoria-legal-asesoria-fiscal-asesoria-contable-administracion-de-fincas-servicios-juridicos.webp 1620w, https:\/\/tecemabogados.com\/wp-content\/uploads\/2024\/06\/Tecem-Abogados-y-Asesores-abogados-en-Malaga-asesores-en-Benalmadena-asesoria-legal-asesoria-fiscal-asesoria-contable-administracion-de-fincas-servicios-juridicos-300x200.webp 300w, https:\/\/tecemabogados.com\/wp-content\/uploads\/2024\/06\/Tecem-Abogados-y-Asesores-abogados-en-Malaga-asesores-en-Benalmadena-asesoria-legal-asesoria-fiscal-asesoria-contable-administracion-de-fincas-servicios-juridicos-1024x683.webp 1024w, https:\/\/tecemabogados.com\/wp-content\/uploads\/2024\/06\/Tecem-Abogados-y-Asesores-abogados-en-Malaga-asesores-en-Benalmadena-asesoria-legal-asesoria-fiscal-asesoria-contable-administracion-de-fincas-servicios-juridicos-768x512.webp 768w, https:\/\/tecemabogados.com\/wp-content\/uploads\/2024\/06\/Tecem-Abogados-y-Asesores-abogados-en-Malaga-asesores-en-Benalmadena-asesoria-legal-asesoria-fiscal-asesoria-contable-administracion-de-fincas-servicios-juridicos-1536x1024.webp 1536w\" alt=\"\" width=\"1620\" height=\"1080\" \/> <\/a><\/p>\n<h2><a href=\"https:\/\/tecemabogados.com\/en\/benefits-of-an-accounting-audit-for-your-company\/\">Benefits of an Accounting Audit for your<\/a><\/h2>\n<ul>\n<li>13 de February de 2023<\/li>\n<li><a title=\"Visit tecem\u2019s website\" href=\"https:\/\/tecemabogados.com\" rel=\"author external\">tecem<\/a><\/li>\n<\/ul>\n<p><a href=\"https:\/\/tecemabogados.com\/en\/blog\/\" target=\"_self\" rel=\"nofollow noopener\"><br \/>\nMore info<br \/>\nMore info<br \/>\n<\/a><\/p>\n<\/section>\n<p><!-- blog-area-end --><br \/>\n<!-- testimonial-area --><\/p>\n<section>Our dedication and commitment have made us the preferred choice for legal and tax advisory in M\u00e1laga and Benalm\u00e1dena.<\/p>\n<h2>Customer testimonials<\/h2>\n<p><img decoding=\"async\" src=\"https:\/\/tecemabogados.com\/wp-content\/uploads\/2024\/06\/IOCNO.png\" alt=\"\" \/><\/p>\n<p>Estoy muy satisfecho con el servicio que recib\u00ed de Tecem Abogados y Asesores. Desde el primer momento, demostraron un alto nivel de profesionalismo y conocimiento. Mi caso de despido fue gestionado de manera eficiente, y me mantuvieron informado en cada paso del proceso. Sin duda, recomendar\u00eda sus servicios a cualquier persona que necesite asesor\u00eda legal.<\/p>\n<p>Andr\u00e9s Rodriguez<br \/>\n<img decoding=\"async\" src=\"https:\/\/tecemabogados.com\/wp-content\/uploads\/2024\/06\/IOCNO.png\" alt=\"\" \/><\/p>\n<p>Tecem Abogados y Asesores ha sido un gran apoyo para mi empresa. Su equipo nos ha asesorado en temas fiscales y contables, lo que ha resultado en una gesti\u00f3n m\u00e1s eficiente y libre de problemas. La atenci\u00f3n personalizada y el compromiso con nuestros objetivos han sido fundamentales para nuestro crecimiento. \u00a1Altamente recomendados!<\/p>\n<p>Carmen Lora<br \/>\n<img decoding=\"async\" src=\"https:\/\/tecemabogados.com\/wp-content\/uploads\/2024\/06\/IOCNO.png\" alt=\"\" \/><\/p>\n<p>Como presidente de mi comunidad de vecinos, puedo decir que estamos muy contentos con los servicios de administraci\u00f3n de fincas de Tecem Abogados y Asesores. Han gestionado todo con gran transparencia y eficacia, desde las reuniones hasta las reparaciones. Su dedicaci\u00f3n y profesionalismo nos han dado mucha tranquilidad.<\/p>\n<p>Luis P\u00e9rez<\/p>\n<\/section>\n<p><!-- testimonial-area-end --><br \/>\n<!-- project-area --><\/p>\n<section>TECEM ABOGADOS<\/p>\n<h2>Do you have any questions? We are happy to advise you as soon as possible.<\/h2>\n<p><a href=\"https:\/\/tecemabogados.com\/en\/contact\/\" target=\"_self\" rel=\"nofollow noopener\"><br \/>\nContact Us<br \/>\nContact Us<br \/>\n<\/a><\/p>\n<\/section>\n<p><!-- project-area-end --><\/p>\n","protected":false},"excerpt":{"rendered":"<p>Lawyers in Malaga Legal and Tax Services in M\u00e1laga and Benalm\u00e1dena MORE INFO MORE INFO Legal and Tax Solutions in M\u00e1laga and Benalm\u00e1dena Over 30 years by your side as experts in Law and Comprehensive Advisory At Tecem Abogados y Asesores, we are committed to providing professional and personalized services in all areas of law [&hellip;]<\/p>\n","protected":false},"author":1,"featured_media":0,"parent":0,"menu_order":0,"comment_status":"closed","ping_status":"closed","template":"elementor_header_footer","meta":{"_acf_changed":false,"footnotes":""},"class_list":["post-2010","page","type-page","status-publish","hentry"],"acf":[],"_links":{"self":[{"href":"https:\/\/tecemabogados.com\/en\/wp-json\/wp\/v2\/pages\/2010","targetHints":{"allow":["GET"]}}],"collection":[{"href":"https:\/\/tecemabogados.com\/en\/wp-json\/wp\/v2\/pages"}],"about":[{"href":"https:\/\/tecemabogados.com\/en\/wp-json\/wp\/v2\/types\/page"}],"author":[{"embeddable":true,"href":"https:\/\/tecemabogados.com\/en\/wp-json\/wp\/v2\/users\/1"}],"replies":[{"embeddable":true,"href":"https:\/\/tecemabogados.com\/en\/wp-json\/wp\/v2\/comments?post=2010"}],"version-history":[{"count":18,"href":"https:\/\/tecemabogados.com\/en\/wp-json\/wp\/v2\/pages\/2010\/revisions"}],"predecessor-version":[{"id":2246,"href":"https:\/\/tecemabogados.com\/en\/wp-json\/wp\/v2\/pages\/2010\/revisions\/2246"}],"wp:attachment":[{"href":"https:\/\/tecemabogados.com\/en\/wp-json\/wp\/v2\/media?parent=2010"}],"curies":[{"name":"wp","href":"https:\/\/api.w.org\/{rel}","templated":true}]}}